{"id":8,"date":"2026-01-15T13:34:27","date_gmt":"2026-01-15T13:34:27","guid":{"rendered":"https:\/\/modanuevaamez.rkinformatika.online\/?page_id=8"},"modified":"2026-02-03T17:33:37","modified_gmt":"2026-02-03T17:33:37","slug":"inicio","status":"publish","type":"page","link":"https:\/\/modanuevaamez.com\/eu\/","title":{"rendered":"Hasiera"},"content":{"rendered":"<div data-elementor-type=\"wp-page\" data-elementor-id=\"8\" class=\"elementor elementor-8\" data-elementor-post-type=\"page\">\n\t\t\t\t<div class=\"elementor-element elementor-element-831b40e e-flex e-con-boxed e-con e-parent\" data-id=\"831b40e\" data-element_type=\"container\" data-e-type=\"container\" data-settings=\"{&quot;background_background&quot;:&quot;classic&quot;}\">\n\t\t\t\t\t<div class=\"e-con-inner\">\n\t\t\t\t<div class=\"elementor-element elementor-element-f7efd49 elementor-invisible elementor-widget elementor-widget-heading\" data-id=\"f7efd49\" data-element_type=\"widget\" data-e-type=\"widget\" data-settings=\"{&quot;_animation&quot;:&quot;fadeInLeft&quot;}\" data-widget_type=\"heading.default\">\n\t\t\t\t\t<h2 class=\"elementor-heading-title elementor-size-default\">Kafea, garagardoa, ardoa eta giro ona<\/h2>\t\t\t\t<\/div>\n\t\t\t\t\t<\/div>\n\t\t\t\t<\/div>\n\t\t<div class=\"elementor-element elementor-element-10059e8 e-flex e-con-boxed e-con e-parent\" data-id=\"10059e8\" data-element_type=\"container\" data-e-type=\"container\" data-settings=\"{&quot;background_background&quot;:&quot;classic&quot;}\">\n\t\t\t\t\t<div class=\"e-con-inner\">\n\t\t<div class=\"elementor-element elementor-element-e87ce8a e-con-full e-flex e-con e-child\" data-id=\"e87ce8a\" data-element_type=\"container\" data-e-type=\"container\">\n\t\t\t\t<div class=\"elementor-element elementor-element-3976198 elementor-widget elementor-widget-heading\" data-id=\"3976198\" data-element_type=\"widget\" data-e-type=\"widget\" data-widget_type=\"heading.default\">\n\t\t\t\t\t<h2 class=\"elementor-heading-title elementor-size-default\">Guri Buruz<\/h2>\t\t\t\t<\/div>\n\t\t\t\t<div class=\"elementor-element elementor-element-1f80799 elementor-widget elementor-widget-text-editor\" data-id=\"1f80799\" data-element_type=\"widget\" data-e-type=\"widget\" data-widget_type=\"text-editor.default\">\n\t\t\t\t\t\t\t\t\t<p data-start=\"183\" data-end=\"517\">Taberna bat zerbait hartzeko leku bat baino askoz gehiago dela uste dugu La Esquina tabernan. Elkargune bat da, eguneko etenaldi bat, bat-bateko solasaldi bat eta beti itzultzeko gogoa duen leku bat. Bilbon kokatuta, denbora daramagu gure bezeroei espazio hurbil eta abegikor bat eskaintzen, presarik gabe gozatzeko pentsatua.<\/p><p data-start=\"519\" data-end=\"832\">Gure taberna betiko taberna izateko ideiarekin jaiotzen da, non bizilagunak eta bisitariak etxean bezala esertzen diren. Hemen has dezakezu eguna kafe on batekin, geldialdi bat egin garagardo hotz bat hartzeko, ardo kopa batez gozatu edo arratsaldea kubata batekin luzatu konpainia onean.<\/p><p data-start=\"834\" data-end=\"1096\">\u00a0<\/p>\t\t\t\t\t\t\t\t<\/div>\n\t\t\t\t<\/div>\n\t\t<div class=\"elementor-element elementor-element-b8c9973 e-con-full e-flex e-con e-child\" data-id=\"b8c9973\" data-element_type=\"container\" data-e-type=\"container\">\n\t\t\t\t<div class=\"elementor-element elementor-element-0518014 elementor-widget elementor-widget-image\" data-id=\"0518014\" data-element_type=\"widget\" data-e-type=\"widget\" data-widget_type=\"image.default\">\n\t\t\t\t\t\t\t\t\t\t\t\t\t\t\t<img fetchpriority=\"high\" decoding=\"async\" width=\"800\" height=\"534\" src=\"https:\/\/modanuevaamez.com\/wp-content\/uploads\/2026\/02\/32687-1024x683.jpg\" class=\"attachment-large size-large wp-image-96\" alt=\"\" srcset=\"https:\/\/modanuevaamez.com\/wp-content\/uploads\/2026\/02\/32687-1024x683.jpg 1024w, https:\/\/modanuevaamez.com\/wp-content\/uploads\/2026\/02\/32687-300x200.jpg 300w, https:\/\/modanuevaamez.com\/wp-content\/uploads\/2026\/02\/32687-768x512.jpg 768w, https:\/\/modanuevaamez.com\/wp-content\/uploads\/2026\/02\/32687-18x12.jpg 18w, https:\/\/modanuevaamez.com\/wp-content\/uploads\/2026\/02\/32687.jpg 1500w\" sizes=\"(max-width: 800px) 100vw, 800px\" \/>\t\t\t\t\t\t\t\t\t\t\t\t\t\t\t<\/div>\n\t\t\t\t<\/div>\n\t\t\t\t\t<\/div>\n\t\t\t\t<\/div>\n\t\t<div class=\"elementor-element elementor-element-b5f4e24 e-flex e-con-boxed e-con e-parent\" data-id=\"b5f4e24\" data-element_type=\"container\" data-e-type=\"container\" data-settings=\"{&quot;background_background&quot;:&quot;classic&quot;}\">\n\t\t\t\t\t<div class=\"e-con-inner\">\n\t\t\t\t<div class=\"elementor-element elementor-element-cd1098d elementor-widget elementor-widget-heading\" data-id=\"cd1098d\" data-element_type=\"widget\" data-e-type=\"widget\" data-widget_type=\"heading.default\">\n\t\t\t\t\t<h2 class=\"elementor-heading-title elementor-size-default\">Goizeko kafetik gaueko edalontzira<\/h2>\t\t\t\t<\/div>\n\t\t\t\t<div class=\"elementor-element elementor-element-329f7c9 elementor-widget elementor-widget-text-editor\" data-id=\"329f7c9\" data-element_type=\"widget\" data-e-type=\"widget\" data-widget_type=\"text-editor.default\">\n\t\t\t\t\t\t\t\t\t<p>Gelditu, hitz egin eta gozatzeko txokoa<\/p>\t\t\t\t\t\t\t\t<\/div>\n\t\t\t\t<div class=\"elementor-element elementor-element-86a67cf elementor-align-center elementor-widget elementor-widget-button\" data-id=\"86a67cf\" data-element_type=\"widget\" data-e-type=\"widget\" data-widget_type=\"button.default\">\n\t\t\t\t\t\t\t\t\t\t<a class=\"elementor-button elementor-button-link elementor-size-sm\" href=\"https:\/\/modanuevaamez.com\/eu\/productos\/\">\n\t\t\t\t\t\t<span class=\"elementor-button-content-wrapper\">\n\t\t\t\t\t\t\t\t\t<span class=\"elementor-button-text\">Produktua<\/span>\n\t\t\t\t\t<\/span>\n\t\t\t\t\t<\/a>\n\t\t\t\t\t\t\t\t<\/div>\n\t\t\t\t\t<\/div>\n\t\t\t\t<\/div>\n\t\t\t\t<\/div>","protected":false},"excerpt":{"rendered":"<p>Caf\u00e9, cerveza, vino y buen ambiente Sobre Nosotros En Bar La Esquina creemos que un bar es mucho m\u00e1s que un lugar donde tomar algo. Es un punto de encuentro, una pausa en el d\u00eda, una charla improvisada y ese sitio al que siempre apetece volver. Situados en Bilbao, llevamos tiempo ofreciendo a nuestros clientes [&hellip;]<\/p>\n","protected":false},"author":1,"featured_media":0,"parent":0,"menu_order":0,"comment_status":"closed","ping_status":"closed","template":"elementor_canvas","meta":{"footnotes":""},"class_list":["post-8","page","type-page","status-publish","hentry"],"yoast_head":"<!-- This site is optimized with the Yoast SEO plugin v27.3 - https:\/\/yoast.com\/product\/yoast-seo-wordpress\/ -->\n<title>Inicio - Bar La Esquina<\/title>\n<meta name=\"robots\" content=\"index, follow, max-snippet:-1, max-image-preview:large, max-video-preview:-1\" \/>\n<link rel=\"canonical\" href=\"https:\/\/modanuevaamez.com\/eu\/\" \/>\n<meta property=\"og:locale\" content=\"en_US\" \/>\n<meta property=\"og:type\" content=\"article\" \/>\n<meta property=\"og:title\" content=\"Inicio - Bar La Esquina\" \/>\n<meta property=\"og:description\" content=\"Caf\u00e9, cerveza, vino y buen ambiente Sobre Nosotros En Bar La Esquina creemos que un bar es mucho m\u00e1s que un lugar donde tomar algo. Es un punto de encuentro, una pausa en el d\u00eda, una charla improvisada y ese sitio al que siempre apetece volver. Situados en Bilbao, llevamos tiempo ofreciendo a nuestros clientes [&hellip;]\" \/>\n<meta property=\"og:url\" content=\"https:\/\/modanuevaamez.com\/eu\/\" \/>\n<meta property=\"og:site_name\" content=\"Bar La Esquina\" \/>\n<meta property=\"article:modified_time\" content=\"2026-02-03T17:33:37+00:00\" \/>\n<meta property=\"og:image\" content=\"https:\/\/modanuevaamez.com\/wp-content\/uploads\/2026\/02\/32687-1024x683.jpg\" \/>\n<meta name=\"twitter:card\" content=\"summary_large_image\" \/>\n<meta name=\"twitter:label1\" content=\"Est. reading time\" \/>\n\t<meta name=\"twitter:data1\" content=\"1 minutua\" \/>\n<script type=\"application\/ld+json\" class=\"yoast-schema-graph\">{\"@context\":\"https:\\\/\\\/schema.org\",\"@graph\":[{\"@type\":\"WebPage\",\"@id\":\"https:\\\/\\\/modanuevaamez.com\\\/\",\"url\":\"https:\\\/\\\/modanuevaamez.com\\\/\",\"name\":\"Inicio - Bar La Esquina\",\"isPartOf\":{\"@id\":\"https:\\\/\\\/modanuevaamez.com\\\/#website\"},\"primaryImageOfPage\":{\"@id\":\"https:\\\/\\\/modanuevaamez.com\\\/#primaryimage\"},\"image\":{\"@id\":\"https:\\\/\\\/modanuevaamez.com\\\/#primaryimage\"},\"thumbnailUrl\":\"https:\\\/\\\/modanuevaamez.com\\\/wp-content\\\/uploads\\\/2026\\\/02\\\/32687-1024x683.jpg\",\"datePublished\":\"2026-01-15T13:34:27+00:00\",\"dateModified\":\"2026-02-03T17:33:37+00:00\",\"breadcrumb\":{\"@id\":\"https:\\\/\\\/modanuevaamez.com\\\/#breadcrumb\"},\"inLanguage\":\"eu\",\"potentialAction\":[{\"@type\":\"ReadAction\",\"target\":[\"https:\\\/\\\/modanuevaamez.com\\\/\"]}]},{\"@type\":\"ImageObject\",\"inLanguage\":\"eu\",\"@id\":\"https:\\\/\\\/modanuevaamez.com\\\/#primaryimage\",\"url\":\"https:\\\/\\\/modanuevaamez.com\\\/wp-content\\\/uploads\\\/2026\\\/02\\\/32687-1024x683.jpg\",\"contentUrl\":\"https:\\\/\\\/modanuevaamez.com\\\/wp-content\\\/uploads\\\/2026\\\/02\\\/32687-1024x683.jpg\"},{\"@type\":\"BreadcrumbList\",\"@id\":\"https:\\\/\\\/modanuevaamez.com\\\/#breadcrumb\",\"itemListElement\":[{\"@type\":\"ListItem\",\"position\":1,\"name\":\"Portada\",\"item\":\"https:\\\/\\\/modanuevaamez.com\\\/\"},{\"@type\":\"ListItem\",\"position\":2,\"name\":\"Inicio\"}]},{\"@type\":\"WebSite\",\"@id\":\"https:\\\/\\\/modanuevaamez.com\\\/#website\",\"url\":\"https:\\\/\\\/modanuevaamez.com\\\/\",\"name\":\"Bar La Esquina\",\"description\":\"Es un bar\",\"publisher\":{\"@id\":\"https:\\\/\\\/modanuevaamez.com\\\/#organization\"},\"potentialAction\":[{\"@type\":\"SearchAction\",\"target\":{\"@type\":\"EntryPoint\",\"urlTemplate\":\"https:\\\/\\\/modanuevaamez.com\\\/?s={search_term_string}\"},\"query-input\":{\"@type\":\"PropertyValueSpecification\",\"valueRequired\":true,\"valueName\":\"search_term_string\"}}],\"inLanguage\":\"eu\"},{\"@type\":\"Organization\",\"@id\":\"https:\\\/\\\/modanuevaamez.com\\\/#organization\",\"name\":\"Bar La Esquina\",\"url\":\"https:\\\/\\\/modanuevaamez.com\\\/\",\"logo\":{\"@type\":\"ImageObject\",\"inLanguage\":\"eu\",\"@id\":\"https:\\\/\\\/modanuevaamez.com\\\/#\\\/schema\\\/logo\\\/image\\\/\",\"url\":\"https:\\\/\\\/modanuevaamez.com\\\/wp-content\\\/uploads\\\/2026\\\/02\\\/cropped-logo.png\",\"contentUrl\":\"https:\\\/\\\/modanuevaamez.com\\\/wp-content\\\/uploads\\\/2026\\\/02\\\/cropped-logo.png\",\"width\":821,\"height\":600,\"caption\":\"Bar La Esquina\"},\"image\":{\"@id\":\"https:\\\/\\\/modanuevaamez.com\\\/#\\\/schema\\\/logo\\\/image\\\/\"}}]}<\/script>\n<!-- \/ Yoast SEO plugin. -->","yoast_head_json":{"title":"Inicio - Bar La Esquina","robots":{"index":"index","follow":"follow","max-snippet":"max-snippet:-1","max-image-preview":"max-image-preview:large","max-video-preview":"max-video-preview:-1"},"canonical":"https:\/\/modanuevaamez.com\/eu\/","og_locale":"en_US","og_type":"article","og_title":"Inicio - Bar La Esquina","og_description":"Caf\u00e9, cerveza, vino y buen ambiente Sobre Nosotros En Bar La Esquina creemos que un bar es mucho m\u00e1s que un lugar donde tomar algo. Es un punto de encuentro, una pausa en el d\u00eda, una charla improvisada y ese sitio al que siempre apetece volver. Situados en Bilbao, llevamos tiempo ofreciendo a nuestros clientes [&hellip;]","og_url":"https:\/\/modanuevaamez.com\/eu\/","og_site_name":"Bar La Esquina","article_modified_time":"2026-02-03T17:33:37+00:00","og_image":[{"url":"https:\/\/modanuevaamez.com\/wp-content\/uploads\/2026\/02\/32687-1024x683.jpg","type":"","width":"","height":""}],"twitter_card":"summary_large_image","twitter_misc":{"Est. reading time":"1 minutua"},"schema":{"@context":"https:\/\/schema.org","@graph":[{"@type":"WebPage","@id":"https:\/\/modanuevaamez.com\/","url":"https:\/\/modanuevaamez.com\/","name":"Inicio - Bar La Esquina","isPartOf":{"@id":"https:\/\/modanuevaamez.com\/#website"},"primaryImageOfPage":{"@id":"https:\/\/modanuevaamez.com\/#primaryimage"},"image":{"@id":"https:\/\/modanuevaamez.com\/#primaryimage"},"thumbnailUrl":"https:\/\/modanuevaamez.com\/wp-content\/uploads\/2026\/02\/32687-1024x683.jpg","datePublished":"2026-01-15T13:34:27+00:00","dateModified":"2026-02-03T17:33:37+00:00","breadcrumb":{"@id":"https:\/\/modanuevaamez.com\/#breadcrumb"},"inLanguage":"eu","potentialAction":[{"@type":"ReadAction","target":["https:\/\/modanuevaamez.com\/"]}]},{"@type":"ImageObject","inLanguage":"eu","@id":"https:\/\/modanuevaamez.com\/#primaryimage","url":"https:\/\/modanuevaamez.com\/wp-content\/uploads\/2026\/02\/32687-1024x683.jpg","contentUrl":"https:\/\/modanuevaamez.com\/wp-content\/uploads\/2026\/02\/32687-1024x683.jpg"},{"@type":"BreadcrumbList","@id":"https:\/\/modanuevaamez.com\/#breadcrumb","itemListElement":[{"@type":"ListItem","position":1,"name":"Portada","item":"https:\/\/modanuevaamez.com\/"},{"@type":"ListItem","position":2,"name":"Inicio"}]},{"@type":"WebSite","@id":"https:\/\/modanuevaamez.com\/#website","url":"https:\/\/modanuevaamez.com\/","name":"Bar La Esquina","description":"Es un bar","publisher":{"@id":"https:\/\/modanuevaamez.com\/#organization"},"potentialAction":[{"@type":"SearchAction","target":{"@type":"EntryPoint","urlTemplate":"https:\/\/modanuevaamez.com\/?s={search_term_string}"},"query-input":{"@type":"PropertyValueSpecification","valueRequired":true,"valueName":"search_term_string"}}],"inLanguage":"eu"},{"@type":"Organization","@id":"https:\/\/modanuevaamez.com\/#organization","name":"Bar La Esquina","url":"https:\/\/modanuevaamez.com\/","logo":{"@type":"ImageObject","inLanguage":"eu","@id":"https:\/\/modanuevaamez.com\/#\/schema\/logo\/image\/","url":"https:\/\/modanuevaamez.com\/wp-content\/uploads\/2026\/02\/cropped-logo.png","contentUrl":"https:\/\/modanuevaamez.com\/wp-content\/uploads\/2026\/02\/cropped-logo.png","width":821,"height":600,"caption":"Bar La Esquina"},"image":{"@id":"https:\/\/modanuevaamez.com\/#\/schema\/logo\/image\/"}}]}},"_links":{"self":[{"href":"https:\/\/modanuevaamez.com\/eu\/wp-json\/wp\/v2\/pages\/8","targetHints":{"allow":["GET"]}}],"collection":[{"href":"https:\/\/modanuevaamez.com\/eu\/wp-json\/wp\/v2\/pages"}],"about":[{"href":"https:\/\/modanuevaamez.com\/eu\/wp-json\/wp\/v2\/types\/page"}],"author":[{"embeddable":true,"href":"https:\/\/modanuevaamez.com\/eu\/wp-json\/wp\/v2\/users\/1"}],"replies":[{"embeddable":true,"href":"https:\/\/modanuevaamez.com\/eu\/wp-json\/wp\/v2\/comments?post=8"}],"version-history":[{"count":40,"href":"https:\/\/modanuevaamez.com\/eu\/wp-json\/wp\/v2\/pages\/8\/revisions"}],"predecessor-version":[{"id":201,"href":"https:\/\/modanuevaamez.com\/eu\/wp-json\/wp\/v2\/pages\/8\/revisions\/201"}],"wp:attachment":[{"href":"https:\/\/modanuevaamez.com\/eu\/wp-json\/wp\/v2\/media?parent=8"}],"curies":[{"name":"wp","href":"https:\/\/api.w.org\/{rel}","templated":true}]}}