{"id":11,"date":"2026-01-15T13:35:34","date_gmt":"2026-01-15T13:35:34","guid":{"rendered":"https:\/\/modanuevaamez.rkinformatika.online\/?page_id=11"},"modified":"2026-02-03T17:32:18","modified_gmt":"2026-02-03T17:32:18","slug":"productos","status":"publish","type":"page","link":"https:\/\/modanuevaamez.com\/eu\/productos\/","title":{"rendered":"Produktuak"},"content":{"rendered":"<div data-elementor-type=\"wp-page\" data-elementor-id=\"11\" class=\"elementor elementor-11\" data-elementor-post-type=\"page\">\n\t\t\t\t<div class=\"elementor-element elementor-element-2bd1f50 e-flex e-con-boxed e-con e-parent\" data-id=\"2bd1f50\" data-element_type=\"container\" data-e-type=\"container\" data-settings=\"{&quot;background_background&quot;:&quot;classic&quot;}\">\n\t\t\t\t\t<div class=\"e-con-inner\">\n\t\t\t\t<div class=\"elementor-element elementor-element-3613c83 elementor-invisible elementor-widget elementor-widget-heading\" data-id=\"3613c83\" data-element_type=\"widget\" data-e-type=\"widget\" data-settings=\"{&quot;_animation&quot;:&quot;fadeInLeft&quot;}\" data-widget_type=\"heading.default\">\n\t\t\t\t\t<h2 class=\"elementor-heading-title elementor-size-default\">Tu barra de confianza<\/h2>\t\t\t\t<\/div>\n\t\t\t\t\t<\/div>\n\t\t\t\t<\/div>\n\t\t<div class=\"elementor-element elementor-element-89ff8b2 e-flex e-con-boxed e-con e-parent\" data-id=\"89ff8b2\" data-element_type=\"container\" data-e-type=\"container\" data-settings=\"{&quot;background_background&quot;:&quot;classic&quot;}\">\n\t\t\t\t\t<div class=\"e-con-inner\">\n\t\t<div class=\"elementor-element elementor-element-50d72e1 e-con-full e-flex e-con e-child\" data-id=\"50d72e1\" data-element_type=\"container\" data-e-type=\"container\" data-settings=\"{&quot;background_background&quot;:&quot;classic&quot;}\">\n\t\t\t\t<div class=\"elementor-element elementor-element-85fb30b elementor-widget elementor-widget-heading\" data-id=\"85fb30b\" data-element_type=\"widget\" data-e-type=\"widget\" data-widget_type=\"heading.default\">\n\t\t\t\t\t<h2 class=\"elementor-heading-title elementor-size-default\">Cafeter\u00eda<\/h2>\t\t\t\t<\/div>\n\t\t\t\t<div class=\"elementor-element elementor-element-6d71d97 elementor-widget elementor-widget-text-editor\" data-id=\"6d71d97\" data-element_type=\"widget\" data-e-type=\"widget\" data-widget_type=\"text-editor.default\">\n\t\t\t\t\t\t\t\t\t<ul><li data-start=\"768\" data-end=\"815\"><p data-start=\"770\" data-end=\"815\">Caf\u00e9 reci\u00e9n hecho para empezar bien el d\u00eda.<\/p><\/li><li data-start=\"816\" data-end=\"847\"><p data-start=\"818\" data-end=\"847\">Desayunos y pausas con sabor.<\/p><\/li><\/ul>\t\t\t\t\t\t\t\t<\/div>\n\t\t\t\t<\/div>\n\t\t<div class=\"elementor-element elementor-element-648e971 e-con-full e-flex e-con e-child\" data-id=\"648e971\" data-element_type=\"container\" data-e-type=\"container\" data-settings=\"{&quot;background_background&quot;:&quot;classic&quot;}\">\n\t\t\t\t<div class=\"elementor-element elementor-element-0aa39c0 elementor-widget elementor-widget-heading\" data-id=\"0aa39c0\" data-element_type=\"widget\" data-e-type=\"widget\" data-widget_type=\"heading.default\">\n\t\t\t\t\t<h2 class=\"elementor-heading-title elementor-size-default\">Bebidas<\/h2>\t\t\t\t<\/div>\n\t\t\t\t<div class=\"elementor-element elementor-element-f82b512 elementor-widget elementor-widget-text-editor\" data-id=\"f82b512\" data-element_type=\"widget\" data-e-type=\"widget\" data-widget_type=\"text-editor.default\">\n\t\t\t\t\t\t\t\t\t<ul><li data-start=\"865\" data-end=\"899\"><p data-start=\"867\" data-end=\"899\">Cervezas fr\u00edas y bien tiradas.<\/p><\/li><li data-start=\"900\" data-end=\"924\"><p data-start=\"902\" data-end=\"924\">Vinos seleccionados.<\/p><\/li><li data-start=\"925\" data-end=\"983\"><p data-start=\"927\" data-end=\"983\">Cubatas y copas para disfrutar de la tarde o la noche.<\/p><\/li><\/ul>\t\t\t\t\t\t\t\t<\/div>\n\t\t\t\t<\/div>\n\t\t<div class=\"elementor-element elementor-element-038831e e-con-full e-flex e-con e-child\" data-id=\"038831e\" data-element_type=\"container\" data-e-type=\"container\" data-settings=\"{&quot;background_background&quot;:&quot;classic&quot;}\">\n\t\t\t\t<div class=\"elementor-element elementor-element-cc2e746 elementor-widget elementor-widget-heading\" data-id=\"cc2e746\" data-element_type=\"widget\" data-e-type=\"widget\" data-widget_type=\"heading.default\">\n\t\t\t\t\t<h2 class=\"elementor-heading-title elementor-size-default\">Ambiente<\/h2>\t\t\t\t<\/div>\n\t\t\t\t<div class=\"elementor-element elementor-element-7eb6db6 elementor-widget elementor-widget-text-editor\" data-id=\"7eb6db6\" data-element_type=\"widget\" data-e-type=\"widget\" data-widget_type=\"text-editor.default\">\n\t\t\t\t\t\t\t\t\t<ul><li data-start=\"1002\" data-end=\"1033\"><p data-start=\"1004\" data-end=\"1033\">Espacio acogedor y cercano.<\/p><\/li><li data-start=\"1034\" data-end=\"1091\"><p data-start=\"1036\" data-end=\"1091\">Punto de encuentro para amigos, vecinos y visitantes.<\/p><\/li><\/ul>\t\t\t\t\t\t\t\t<\/div>\n\t\t\t\t<\/div>\n\t\t\t\t\t<\/div>\n\t\t\t\t<\/div>\n\t\t<div class=\"elementor-element elementor-element-3360e28 e-flex e-con-boxed e-con e-parent\" data-id=\"3360e28\" data-element_type=\"container\" data-e-type=\"container\" data-settings=\"{&quot;background_background&quot;:&quot;classic&quot;}\">\n\t\t\t\t\t<div class=\"e-con-inner\">\n\t\t\t\t<div class=\"elementor-element elementor-element-79a4b30 elementor-widget elementor-widget-heading\" data-id=\"79a4b30\" data-element_type=\"widget\" data-e-type=\"widget\" data-widget_type=\"heading.default\">\n\t\t\t\t\t<h2 class=\"elementor-heading-title elementor-size-default\">\u00bfTe apetece venir?<\/h2>\t\t\t\t<\/div>\n\t\t\t\t<div class=\"elementor-element elementor-element-18e39ca elementor-widget elementor-widget-text-editor\" data-id=\"18e39ca\" data-element_type=\"widget\" data-e-type=\"widget\" data-widget_type=\"text-editor.default\">\n\t\t\t\t\t\t\t\t\t<p>Tu pr\u00f3xima parada est\u00e1 a la vuelta de la esquina.<\/p>\t\t\t\t\t\t\t\t<\/div>\n\t\t\t\t<div class=\"elementor-element elementor-element-2fb3709 elementor-align-center elementor-widget elementor-widget-button\" data-id=\"2fb3709\" data-element_type=\"widget\" data-e-type=\"widget\" data-widget_type=\"button.default\">\n\t\t\t\t\t\t\t\t\t\t<a class=\"elementor-button elementor-button-link elementor-size-sm\" href=\"https:\/\/modanuevaamez.com\/eu\/contacto\/\">\n\t\t\t\t\t\t<span class=\"elementor-button-content-wrapper\">\n\t\t\t\t\t\t\t\t\t<span class=\"elementor-button-text\">Kontaktua<\/span>\n\t\t\t\t\t<\/span>\n\t\t\t\t\t<\/a>\n\t\t\t\t\t\t\t\t<\/div>\n\t\t\t\t\t<\/div>\n\t\t\t\t<\/div>\n\t\t\t\t<\/div>","protected":false},"excerpt":{"rendered":"<p>Tu barra de confianza Cafeter\u00eda Caf\u00e9 reci\u00e9n hecho para empezar bien el d\u00eda. Desayunos y pausas con sabor. Bebidas Cervezas fr\u00edas y bien tiradas. Vinos seleccionados. Cubatas y copas para disfrutar de la tarde o la noche. Ambiente Espacio acogedor y cercano. Punto de encuentro para amigos, vecinos y visitantes. \u00bfTe apetece venir? Tu pr\u00f3xima [&hellip;]<\/p>\n","protected":false},"author":1,"featured_media":0,"parent":0,"menu_order":0,"comment_status":"closed","ping_status":"closed","template":"elementor_canvas","meta":{"footnotes":""},"class_list":["post-11","page","type-page","status-publish","hentry"],"yoast_head":"<!-- This site is optimized with the Yoast SEO plugin v27.3 - https:\/\/yoast.com\/product\/yoast-seo-wordpress\/ -->\n<title>Productos - Bar La Esquina<\/title>\n<meta name=\"robots\" content=\"index, follow, max-snippet:-1, max-image-preview:large, max-video-preview:-1\" \/>\n<link rel=\"canonical\" href=\"https:\/\/modanuevaamez.com\/eu\/productos\/\" \/>\n<meta property=\"og:locale\" content=\"en_US\" \/>\n<meta property=\"og:type\" content=\"article\" \/>\n<meta property=\"og:title\" content=\"Productos - Bar La Esquina\" \/>\n<meta property=\"og:description\" content=\"Tu barra de confianza Cafeter\u00eda Caf\u00e9 reci\u00e9n hecho para empezar bien el d\u00eda. Desayunos y pausas con sabor. Bebidas Cervezas fr\u00edas y bien tiradas. Vinos seleccionados. Cubatas y copas para disfrutar de la tarde o la noche. Ambiente Espacio acogedor y cercano. Punto de encuentro para amigos, vecinos y visitantes. \u00bfTe apetece venir? Tu pr\u00f3xima [&hellip;]\" \/>\n<meta property=\"og:url\" content=\"https:\/\/modanuevaamez.com\/eu\/productos\/\" \/>\n<meta property=\"og:site_name\" content=\"Bar La Esquina\" \/>\n<meta property=\"article:modified_time\" content=\"2026-02-03T17:32:18+00:00\" \/>\n<meta name=\"twitter:card\" content=\"summary_large_image\" \/>\n<meta name=\"twitter:label1\" content=\"Est. reading time\" \/>\n\t<meta name=\"twitter:data1\" content=\"1 minutua\" \/>\n<script type=\"application\/ld+json\" class=\"yoast-schema-graph\">{\"@context\":\"https:\\\/\\\/schema.org\",\"@graph\":[{\"@type\":\"WebPage\",\"@id\":\"https:\\\/\\\/modanuevaamez.com\\\/productos\\\/\",\"url\":\"https:\\\/\\\/modanuevaamez.com\\\/productos\\\/\",\"name\":\"Productos - Bar La Esquina\",\"isPartOf\":{\"@id\":\"https:\\\/\\\/modanuevaamez.com\\\/#website\"},\"datePublished\":\"2026-01-15T13:35:34+00:00\",\"dateModified\":\"2026-02-03T17:32:18+00:00\",\"breadcrumb\":{\"@id\":\"https:\\\/\\\/modanuevaamez.com\\\/productos\\\/#breadcrumb\"},\"inLanguage\":\"eu\",\"potentialAction\":[{\"@type\":\"ReadAction\",\"target\":[\"https:\\\/\\\/modanuevaamez.com\\\/productos\\\/\"]}]},{\"@type\":\"BreadcrumbList\",\"@id\":\"https:\\\/\\\/modanuevaamez.com\\\/productos\\\/#breadcrumb\",\"itemListElement\":[{\"@type\":\"ListItem\",\"position\":1,\"name\":\"Portada\",\"item\":\"https:\\\/\\\/modanuevaamez.com\\\/\"},{\"@type\":\"ListItem\",\"position\":2,\"name\":\"Productos\"}]},{\"@type\":\"WebSite\",\"@id\":\"https:\\\/\\\/modanuevaamez.com\\\/#website\",\"url\":\"https:\\\/\\\/modanuevaamez.com\\\/\",\"name\":\"Bar La Esquina\",\"description\":\"Es un bar\",\"publisher\":{\"@id\":\"https:\\\/\\\/modanuevaamez.com\\\/#organization\"},\"potentialAction\":[{\"@type\":\"SearchAction\",\"target\":{\"@type\":\"EntryPoint\",\"urlTemplate\":\"https:\\\/\\\/modanuevaamez.com\\\/?s={search_term_string}\"},\"query-input\":{\"@type\":\"PropertyValueSpecification\",\"valueRequired\":true,\"valueName\":\"search_term_string\"}}],\"inLanguage\":\"eu\"},{\"@type\":\"Organization\",\"@id\":\"https:\\\/\\\/modanuevaamez.com\\\/#organization\",\"name\":\"Bar La Esquina\",\"url\":\"https:\\\/\\\/modanuevaamez.com\\\/\",\"logo\":{\"@type\":\"ImageObject\",\"inLanguage\":\"eu\",\"@id\":\"https:\\\/\\\/modanuevaamez.com\\\/#\\\/schema\\\/logo\\\/image\\\/\",\"url\":\"https:\\\/\\\/modanuevaamez.com\\\/wp-content\\\/uploads\\\/2026\\\/02\\\/cropped-logo.png\",\"contentUrl\":\"https:\\\/\\\/modanuevaamez.com\\\/wp-content\\\/uploads\\\/2026\\\/02\\\/cropped-logo.png\",\"width\":821,\"height\":600,\"caption\":\"Bar La Esquina\"},\"image\":{\"@id\":\"https:\\\/\\\/modanuevaamez.com\\\/#\\\/schema\\\/logo\\\/image\\\/\"}}]}<\/script>\n<!-- \/ Yoast SEO plugin. -->","yoast_head_json":{"title":"Productos - Bar La Esquina","robots":{"index":"index","follow":"follow","max-snippet":"max-snippet:-1","max-image-preview":"max-image-preview:large","max-video-preview":"max-video-preview:-1"},"canonical":"https:\/\/modanuevaamez.com\/eu\/productos\/","og_locale":"en_US","og_type":"article","og_title":"Productos - Bar La Esquina","og_description":"Tu barra de confianza Cafeter\u00eda Caf\u00e9 reci\u00e9n hecho para empezar bien el d\u00eda. Desayunos y pausas con sabor. Bebidas Cervezas fr\u00edas y bien tiradas. Vinos seleccionados. Cubatas y copas para disfrutar de la tarde o la noche. Ambiente Espacio acogedor y cercano. Punto de encuentro para amigos, vecinos y visitantes. \u00bfTe apetece venir? Tu pr\u00f3xima [&hellip;]","og_url":"https:\/\/modanuevaamez.com\/eu\/productos\/","og_site_name":"Bar La Esquina","article_modified_time":"2026-02-03T17:32:18+00:00","twitter_card":"summary_large_image","twitter_misc":{"Est. reading time":"1 minutua"},"schema":{"@context":"https:\/\/schema.org","@graph":[{"@type":"WebPage","@id":"https:\/\/modanuevaamez.com\/productos\/","url":"https:\/\/modanuevaamez.com\/productos\/","name":"Productos - Bar La Esquina","isPartOf":{"@id":"https:\/\/modanuevaamez.com\/#website"},"datePublished":"2026-01-15T13:35:34+00:00","dateModified":"2026-02-03T17:32:18+00:00","breadcrumb":{"@id":"https:\/\/modanuevaamez.com\/productos\/#breadcrumb"},"inLanguage":"eu","potentialAction":[{"@type":"ReadAction","target":["https:\/\/modanuevaamez.com\/productos\/"]}]},{"@type":"BreadcrumbList","@id":"https:\/\/modanuevaamez.com\/productos\/#breadcrumb","itemListElement":[{"@type":"ListItem","position":1,"name":"Portada","item":"https:\/\/modanuevaamez.com\/"},{"@type":"ListItem","position":2,"name":"Productos"}]},{"@type":"WebSite","@id":"https:\/\/modanuevaamez.com\/#website","url":"https:\/\/modanuevaamez.com\/","name":"Bar La Esquina","description":"Es un bar","publisher":{"@id":"https:\/\/modanuevaamez.com\/#organization"},"potentialAction":[{"@type":"SearchAction","target":{"@type":"EntryPoint","urlTemplate":"https:\/\/modanuevaamez.com\/?s={search_term_string}"},"query-input":{"@type":"PropertyValueSpecification","valueRequired":true,"valueName":"search_term_string"}}],"inLanguage":"eu"},{"@type":"Organization","@id":"https:\/\/modanuevaamez.com\/#organization","name":"Bar La Esquina","url":"https:\/\/modanuevaamez.com\/","logo":{"@type":"ImageObject","inLanguage":"eu","@id":"https:\/\/modanuevaamez.com\/#\/schema\/logo\/image\/","url":"https:\/\/modanuevaamez.com\/wp-content\/uploads\/2026\/02\/cropped-logo.png","contentUrl":"https:\/\/modanuevaamez.com\/wp-content\/uploads\/2026\/02\/cropped-logo.png","width":821,"height":600,"caption":"Bar La Esquina"},"image":{"@id":"https:\/\/modanuevaamez.com\/#\/schema\/logo\/image\/"}}]}},"_links":{"self":[{"href":"https:\/\/modanuevaamez.com\/eu\/wp-json\/wp\/v2\/pages\/11","targetHints":{"allow":["GET"]}}],"collection":[{"href":"https:\/\/modanuevaamez.com\/eu\/wp-json\/wp\/v2\/pages"}],"about":[{"href":"https:\/\/modanuevaamez.com\/eu\/wp-json\/wp\/v2\/types\/page"}],"author":[{"embeddable":true,"href":"https:\/\/modanuevaamez.com\/eu\/wp-json\/wp\/v2\/users\/1"}],"replies":[{"embeddable":true,"href":"https:\/\/modanuevaamez.com\/eu\/wp-json\/wp\/v2\/comments?post=11"}],"version-history":[{"count":43,"href":"https:\/\/modanuevaamez.com\/eu\/wp-json\/wp\/v2\/pages\/11\/revisions"}],"predecessor-version":[{"id":198,"href":"https:\/\/modanuevaamez.com\/eu\/wp-json\/wp\/v2\/pages\/11\/revisions\/198"}],"wp:attachment":[{"href":"https:\/\/modanuevaamez.com\/eu\/wp-json\/wp\/v2\/media?parent=11"}],"curies":[{"name":"wp","href":"https:\/\/api.w.org\/{rel}","templated":true}]}}